{"id":68,"date":"2024-08-23T21:40:27","date_gmt":"2024-08-23T20:40:27","guid":{"rendered":"https:\/\/drebruokyay.com\/?page_id=68"},"modified":"2024-08-23T21:47:57","modified_gmt":"2024-08-23T20:47:57","slug":"cok-yakinda","status":"publish","type":"page","link":"https:\/\/drebruokyay.com\/tr\/coming-soon\/","title":{"rendered":"\u00c7ok Yak\u0131nda"},"content":{"rendered":"<div data-elementor-type=\"wp-page\" data-elementor-id=\"68\" class=\"elementor elementor-68\">\n\t\t\t\t<div class=\"elementor-element elementor-element-7dddbeb e-flex e-con-boxed wpr-particle-no wpr-jarallax-no wpr-parallax-no wpr-sticky-section-no e-con e-parent\" data-id=\"7dddbeb\" data-element_type=\"container\" data-e-type=\"container\">\n\t\t\t\t\t<div class=\"e-con-inner\">\n\t\t\t\t<div class=\"elementor-element elementor-element-5280c5f elementor-widget elementor-widget-heading\" data-id=\"5280c5f\" data-element_type=\"widget\" data-e-type=\"widget\" data-widget_type=\"heading.default\">\n\t\t\t\t<div class=\"elementor-widget-container\">\n\t\t\t\t\t<h1 class=\"elementor-heading-title elementor-size-default\">\u00c7ok Yak\u0131nda: Parlak Cilde Giden Yolunuz<\/h1>\t\t\t\t<\/div>\n\t\t\t\t<\/div>\n\t\t\t\t<div class=\"elementor-element elementor-element-f03d9cc elementor-widget elementor-widget-text-editor\" data-id=\"f03d9cc\" data-element_type=\"widget\" data-e-type=\"widget\" data-widget_type=\"text-editor.default\">\n\t\t\t\t<div class=\"elementor-widget-container\">\n\t\t\t\t\t\t\t\t\t<h3>Dr. Ebru Okyay'\u0131n Klini\u011fine Ho\u015f Geldiniz<\/h3><p>Klini\u011fimizde, sa\u011fl\u0131kl\u0131 ve \u0131\u015f\u0131lt\u0131l\u0131 bir cildin g\u00fcven ve esenli\u011fin temeli oldu\u011funa inan\u0131yoruz. Uzman dermatologlardan olu\u015fan ekibimiz, cilt hedeflerinize ula\u015fman\u0131za yard\u0131mc\u0131 olmak i\u00e7in ki\u015fiselle\u015ftirilmi\u015f bak\u0131m ve geli\u015fmi\u015f tedaviler sunmaya kendini adam\u0131\u015ft\u0131r.<\/p><h3>Ne Beklemeli<\/h3><p><strong>Kapsaml\u0131 Cilt Bak\u0131m\u0131<\/strong>: Akne ve egzamadan ya\u015flanma kar\u015f\u0131t\u0131 tedavilere kadar, benzersiz ihtiya\u00e7lar\u0131n\u0131za g\u00f6re uyarlanm\u0131\u015f geni\u015f bir hizmet yelpazesi sunuyoruz.<\/p><p><strong>En Son Teknoloji<\/strong>: Klini\u011fimiz, m\u00fcmk\u00fcn olan en iyi bak\u0131m\u0131 alman\u0131z\u0131 sa\u011flamak i\u00e7in en son teknoloji ile donat\u0131lm\u0131\u015ft\u0131r.<\/p><p><strong>Uzman Ekip<\/strong>: Kurul sertifikal\u0131 dermatologlar\u0131m\u0131z ve deneyimli personelimiz size her ad\u0131mda rehberlik etmek i\u00e7in buradalar.<\/p>\t\t\t\t\t\t\t\t<\/div>\n\t\t\t\t<\/div>\n\t\t\t\t\t<\/div>\n\t\t\t\t<\/div>\n\t\t\t\t<\/div>","protected":false},"excerpt":{"rendered":"<p>Yak\u0131nda: I\u015f\u0131lt\u0131l\u0131 Bir Cilde Giden Yolunuz Dr. Ebru Okyay&#039;\u0131n Klini\u011fine Ho\u015f Geldiniz Klini\u011fimizde, sa\u011fl\u0131kl\u0131 ve \u0131\u015f\u0131lt\u0131l\u0131 bir cildin \u00f6zg\u00fcven ve esenli\u011fin temeli oldu\u011funa inan\u0131yoruz. Uzman dermatolog ekibimiz, cilt hedeflerinize ula\u015fman\u0131za yard\u0131mc\u0131 olmak i\u00e7in ki\u015fiselle\u015ftirilmi\u015f bak\u0131m ve geli\u015fmi\u015f tedaviler sunmaya kendini adam\u0131\u015ft\u0131r. Neler Bekleyebilirsiniz? Kapsaml\u0131 Cilt Bak\u0131m\u0131: Akne ve egzamadan ya\u015flanma kar\u015f\u0131t\u0131 tedavilere kadar, benzersiz ihtiya\u00e7lar\u0131n\u0131za g\u00f6re uyarlanm\u0131\u015f geni\u015f bir hizmet yelpazesi sunuyoruz. Son Teknoloji: Klini\u011fimiz, m\u00fcmk\u00fcn olan en iyi bak\u0131m\u0131 alman\u0131z\u0131 sa\u011flamak i\u00e7in en son teknolojiyle donat\u0131lm\u0131\u015ft\u0131r. Uzman Ekip: Kurul onayl\u0131 dermatologlar\u0131m\u0131z ve deneyimli personelimiz, s\u00fcrecin her ad\u0131m\u0131nda size rehberlik etmek i\u00e7in burada.<\/p>","protected":false},"author":1,"featured_media":0,"parent":0,"menu_order":0,"comment_status":"closed","ping_status":"closed","template":"elementor_canvas","meta":{"_daextam_enable_autolinks":"","site-sidebar-layout":"no-sidebar","site-content-layout":"","ast-site-content-layout":"full-width-container","site-content-style":"default","site-sidebar-style":"default","ast-global-header-display":"","ast-banner-title-visibility":"","ast-main-header-display":"","ast-hfb-above-header-display":"","ast-hfb-below-header-display":"","ast-hfb-mobile-header-display":"","site-post-title":"disabled","ast-breadcrumbs-content":"","ast-featured-img":"disabled","footer-sml-layout":"","ast-disable-related-posts":"","theme-transparent-header-meta":"","adv-header-id-meta":"","stick-header-meta":"","header-above-stick-meta":"","header-main-stick-meta":"","header-below-stick-meta":"","astra-migrate-meta-layouts":"default","ast-page-background-enabled":"default","ast-page-background-meta":{"desktop":{"background-color":"var(--ast-global-color-4)","background-image":"","background-repeat":"repeat","background-position":"center center","background-size":"auto","background-attachment":"scroll","background-type":"","background-media":"","overlay-type":"","overlay-color":"","overlay-opacity":"","overlay-gradient":""},"tablet":{"background-color":"","background-image":"","background-repeat":"repeat","background-position":"center center","background-size":"auto","background-attachment":"scroll","background-type":"","background-media":"","overlay-type":"","overlay-color":"","overlay-opacity":"","overlay-gradient":""},"mobile":{"background-color":"","background-image":"","background-repeat":"repeat","background-position":"center center","background-size":"auto","background-attachment":"scroll","background-type":"","background-media":"","overlay-type":"","overlay-color":"","overlay-opacity":"","overlay-gradient":""}},"ast-content-background-meta":{"desktop":{"background-color":"var(--ast-global-color-5)","background-image":"","background-repeat":"repeat","background-position":"center center","background-size":"auto","background-attachment":"scroll","background-type":"","background-media":"","overlay-type":"","overlay-color":"","overlay-opacity":"","overlay-gradient":""},"tablet":{"background-color":"var(--ast-global-color-5)","background-image":"","background-repeat":"repeat","background-position":"center center","background-size":"auto","background-attachment":"scroll","background-type":"","background-media":"","overlay-type":"","overlay-color":"","overlay-opacity":"","overlay-gradient":""},"mobile":{"background-color":"var(--ast-global-color-5)","background-image":"","background-repeat":"repeat","background-position":"center center","background-size":"auto","background-attachment":"scroll","background-type":"","background-media":"","overlay-type":"","overlay-color":"","overlay-opacity":"","overlay-gradient":""}},"footnotes":""},"class_list":["post-68","page","type-page","status-publish","hentry"],"_links":{"self":[{"href":"https:\/\/drebruokyay.com\/tr\/wp-json\/wp\/v2\/pages\/68","targetHints":{"allow":["GET"]}}],"collection":[{"href":"https:\/\/drebruokyay.com\/tr\/wp-json\/wp\/v2\/pages"}],"about":[{"href":"https:\/\/drebruokyay.com\/tr\/wp-json\/wp\/v2\/types\/page"}],"author":[{"embeddable":true,"href":"https:\/\/drebruokyay.com\/tr\/wp-json\/wp\/v2\/users\/1"}],"replies":[{"embeddable":true,"href":"https:\/\/drebruokyay.com\/tr\/wp-json\/wp\/v2\/comments?post=68"}],"version-history":[{"count":19,"href":"https:\/\/drebruokyay.com\/tr\/wp-json\/wp\/v2\/pages\/68\/revisions"}],"predecessor-version":[{"id":88,"href":"https:\/\/drebruokyay.com\/tr\/wp-json\/wp\/v2\/pages\/68\/revisions\/88"}],"wp:attachment":[{"href":"https:\/\/drebruokyay.com\/tr\/wp-json\/wp\/v2\/media?parent=68"}],"curies":[{"name":"wp","href":"https:\/\/api.w.org\/{rel}","templated":true}]}}