{"id":38,"date":"2024-08-23T20:39:11","date_gmt":"2024-08-23T19:39:11","guid":{"rendered":"https:\/\/drebruokyay.com\/?page_id=38"},"modified":"2025-04-05T16:42:52","modified_gmt":"2025-04-05T15:42:52","slug":"hakkimizda","status":"publish","type":"page","link":"https:\/\/drebruokyay.com\/tr\/about-us\/","title":{"rendered":"Hakk\u0131m\u0131zda"},"content":{"rendered":"<div data-elementor-type=\"wp-page\" data-elementor-id=\"38\" class=\"elementor elementor-38\">\n\t\t\t\t\t\t<section class=\"elementor-section elementor-top-section elementor-element elementor-element-46c9fb2c0 elementor-section-content-middle elementor-section-boxed elementor-section-height-default elementor-section-height-default wpr-particle-no wpr-jarallax-no wpr-parallax-no wpr-sticky-section-no wpr-equal-height-no\" data-id=\"46c9fb2c0\" data-element_type=\"section\" data-e-type=\"section\" data-settings=\"{&quot;background_background&quot;:&quot;classic&quot;}\">\n\t\t\t\t\t\t\t<div class=\"elementor-background-overlay\"><\/div>\n\t\t\t\t\t\t\t<div class=\"elementor-container elementor-column-gap-default\">\n\t\t\t\t\t<div class=\"elementor-column elementor-col-100 elementor-top-column elementor-element elementor-element-6ca33da5\" data-id=\"6ca33da5\" data-element_type=\"column\" data-e-type=\"column\">\n\t\t\t<div class=\"elementor-widget-wrap elementor-element-populated\">\n\t\t\t\t\t\t<div class=\"elementor-element elementor-element-1b3b2cd4 elementor-invisible elementor-widget elementor-widget-heading\" data-id=\"1b3b2cd4\" data-element_type=\"widget\" data-e-type=\"widget\" data-settings=\"{&quot;_animation&quot;:&quot;fadeIn&quot;}\" data-widget_type=\"heading.default\">\n\t\t\t\t<div class=\"elementor-widget-container\">\n\t\t\t\t\t<h1 class=\"elementor-heading-title elementor-size-default\">Hakk\u0131m\u0131zda<\/h1>\t\t\t\t<\/div>\n\t\t\t\t<\/div>\n\t\t\t\t\t<\/div>\n\t\t<\/div>\n\t\t\t\t\t<\/div>\n\t\t<\/section>\n\t\t\t\t<section class=\"elementor-section elementor-top-section elementor-element elementor-element-5e59595 elementor-section-boxed elementor-section-height-default elementor-section-height-default wpr-particle-no wpr-jarallax-no wpr-parallax-no wpr-sticky-section-no wpr-equal-height-no\" data-id=\"5e59595\" data-element_type=\"section\" data-e-type=\"section\">\n\t\t\t\t\t\t<div class=\"elementor-container elementor-column-gap-default\">\n\t\t\t\t\t<div class=\"elementor-column elementor-col-50 elementor-top-column elementor-element elementor-element-8274159\" data-id=\"8274159\" data-element_type=\"column\" data-e-type=\"column\">\n\t\t\t<div class=\"elementor-widget-wrap elementor-element-populated\">\n\t\t\t\t\t\t<div class=\"elementor-element elementor-element-45a51d3 elementor-invisible elementor-widget elementor-widget-image\" data-id=\"45a51d3\" data-element_type=\"widget\" data-e-type=\"widget\" data-settings=\"{&quot;_animation&quot;:&quot;slideInLeft&quot;}\" data-widget_type=\"image.default\">\n\t\t\t\t<div class=\"elementor-widget-container\">\n\t\t\t\t\t\t\t\t\t\t\t\t\t\t\t<img fetchpriority=\"high\" decoding=\"async\" width=\"768\" height=\"1024\" src=\"https:\/\/drebruokyay.com\/wp-content\/uploads\/2025\/04\/drebruokyay-768x1024.png\" class=\"attachment-large size-large wp-image-1965\" alt=\"Uzun kahverengi sa\u00e7l\u0131, kahverengi ceket ve beyaz g\u00f6mlek giymi\u015f bir kad\u0131n, \u00fczerinde k\u00f6pek desenli ye\u015fil bir kupa tutarak masada oturuyor. Kameraya g\u00fcl\u00fcms\u00fcyor. Masan\u0131n \u00fczerinde beyaz bir \u00f6rt\u00fc var ve arka planda, \u00fczerinde bir kutu \u00e7ilek ve baz\u0131 mutfak aletleri de dahil olmak \u00fczere \u00e7e\u015fitli e\u015fyalar\u0131n bulundu\u011fu bir mutfak tezgah\u0131 var. Odan\u0131n geni\u015f pencereleri sayesinde i\u00e7eriye do\u011fal \u0131\u015f\u0131k giriyor.\" srcset=\"https:\/\/drebruokyay.com\/wp-content\/uploads\/2025\/04\/drebruokyay-768x1024.png 768w, https:\/\/drebruokyay.com\/wp-content\/uploads\/2025\/04\/drebruokyay-225x300.png 225w, https:\/\/drebruokyay.com\/wp-content\/uploads\/2025\/04\/drebruokyay-1152x1536.png 1152w, https:\/\/drebruokyay.com\/wp-content\/uploads\/2025\/04\/drebruokyay-9x12.png 9w, https:\/\/drebruokyay.com\/wp-content\/uploads\/2025\/04\/drebruokyay.png 1200w\" sizes=\"(max-width: 768px) 100vw, 768px\" \/>\t\t\t\t\t\t\t\t\t\t\t\t\t\t\t<\/div>\n\t\t\t\t<\/div>\n\t\t\t\t\t<\/div>\n\t\t<\/div>\n\t\t\t\t<div class=\"elementor-column elementor-col-50 elementor-top-column elementor-element elementor-element-4f3b671\" data-id=\"4f3b671\" data-element_type=\"column\" data-e-type=\"column\">\n\t\t\t<div class=\"elementor-widget-wrap elementor-element-populated\">\n\t\t\t\t\t\t<div class=\"elementor-element elementor-element-c1ef3f9 elementor-invisible elementor-widget elementor-widget-heading\" data-id=\"c1ef3f9\" data-element_type=\"widget\" data-e-type=\"widget\" data-settings=\"{&quot;_animation&quot;:&quot;slideInRight&quot;}\" data-widget_type=\"heading.default\">\n\t\t\t\t<div class=\"elementor-widget-container\">\n\t\t\t\t\t<h2 class=\"elementor-heading-title elementor-size-default\">Hakk\u0131m\u0131zda<\/h2>\t\t\t\t<\/div>\n\t\t\t\t<\/div>\n\t\t\t\t<div class=\"elementor-element elementor-element-6294c3d elementor-invisible elementor-widget elementor-widget-heading\" data-id=\"6294c3d\" data-element_type=\"widget\" data-e-type=\"widget\" data-settings=\"{&quot;_animation&quot;:&quot;slideInRight&quot;,&quot;_animation_delay&quot;:100}\" data-widget_type=\"heading.default\">\n\t\t\t\t<div class=\"elementor-widget-container\">\n\t\t\t\t\t<h2 class=\"elementor-heading-title elementor-size-default\">Dr. Ebru Okyay ile Tan\u0131\u015f\u0131n: Antalya&#039;daki G\u00fcvenilir Dermatolo\u011funuz<\/h2>\t\t\t\t<\/div>\n\t\t\t\t<\/div>\n\t\t\t\t<div class=\"elementor-element elementor-element-7fee13b elementor-invisible elementor-widget elementor-widget-text-editor\" data-id=\"7fee13b\" data-element_type=\"widget\" data-e-type=\"widget\" data-settings=\"{&quot;_animation&quot;:&quot;slideInRight&quot;,&quot;_animation_delay&quot;:200}\" data-widget_type=\"text-editor.default\">\n\t\t\t\t<div class=\"elementor-widget-container\">\n\t\t\t\t\t\t\t\t\t<p class=\"ng-star-inserted\"><span class=\"ng-star-inserted\">Dr. Ebru Okyay, hem t\u0131bbi hem de kozmetik kayg\u0131lar i\u00e7in ola\u011fan\u00fcst\u00fc cilt bak\u0131m\u0131 sa\u011flamaya adanm\u0131\u015f, kurul onayl\u0131 bir dermatologdur. 2015 y\u0131l\u0131nda Cerrahpa\u015fa T\u0131p Fak\u00fcltesi&#039;nden mezun olan ve 2021 y\u0131l\u0131nda uzmanl\u0131\u011f\u0131n\u0131 tamamlayan Dr. Okyay, en son dermatolojik tekniklerde zengin bir bilgi ve deneyime sahiptir.<\/span><\/p><p class=\"ng-star-inserted\"><span class=\"ng-star-inserted\">Hastalar\u0131n istedikleri estetik hedeflere ula\u015fmalar\u0131na yard\u0131mc\u0131 olma konusunda tutkuludur ve ya\u015flanma kar\u015f\u0131t\u0131 tedaviler, enjekte edilebilirler ve Dermapen ve Mezoterapi gibi geli\u015fmi\u015f terapiler dahil olmak \u00fczere \u00e7e\u015fitli invaziv olmayan prosed\u00fcrlerde uzmanla\u015fm\u0131\u015ft\u0131r. Dr. Okyay, hastan\u0131n rahatl\u0131\u011f\u0131n\u0131 ve memnuniyetini \u00f6n planda tutarak, bireysel ihtiya\u00e7lar\u0131 anlamak ve ki\u015fiselle\u015ftirilmi\u015f tedavi planlar\u0131 geli\u015ftirmek i\u00e7in zaman ay\u0131r\u0131r.<\/span><\/p>\t\t\t\t\t\t\t\t<\/div>\n\t\t\t\t<\/div>\n\t\t\t\t<div class=\"elementor-element elementor-element-0b4f0e2 wpr-button-icon-style-inline wpr-button-icon-position-right elementor-invisible elementor-widget elementor-widget-wpr-button\" data-id=\"0b4f0e2\" data-element_type=\"widget\" data-e-type=\"widget\" data-settings=\"{&quot;_animation&quot;:&quot;slideInRight&quot;,&quot;_animation_delay&quot;:400}\" data-widget_type=\"wpr-button.default\">\n\t\t\t\t<div class=\"elementor-widget-container\">\n\t\t\t\t\t\t\n\t\t\t\n\t\t\n\t\t<div class=\"wpr-button-wrap elementor-clearfix\">\n\t\t<a class=\"wpr-button wpr-button-effect wpr-button-none\" data-text=\"\" href=\"#contactform\">\n\t\t\t\n\t\t\t<span class=\"wpr-button-content\">\n\t\t\t\t\t\t\t\t\t<span class=\"wpr-button-text\">\u015eimdi \u0130leti\u015fime Ge\u00e7in<\/span>\n\t\t\t\t\t\t\t\t\n\t\t\t\t\t\t\t<\/span>\n\t\t<\/a>\n\n\t\t\t\t<\/div>\n\t\n\t\n\t\t\t\t\t<\/div>\n\t\t\t\t<\/div>\n\t\t\t\t\t<\/div>\n\t\t<\/div>\n\t\t\t\t\t<\/div>\n\t\t<\/section>\n\t\t\t\t<section class=\"elementor-section elementor-top-section elementor-element elementor-element-76a09b17 elementor-section-boxed elementor-section-height-default elementor-section-height-default wpr-particle-no wpr-jarallax-no wpr-parallax-no wpr-sticky-section-no wpr-equal-height-no\" data-id=\"76a09b17\" data-element_type=\"section\" data-e-type=\"section\">\n\t\t\t\t\t\t\t<div class=\"elementor-background-overlay\"><\/div>\n\t\t\t\t\t\t\t<div class=\"elementor-container elementor-column-gap-default\">\n\t\t\t\t\t<div class=\"elementor-column elementor-col-25 elementor-top-column elementor-element elementor-element-201d0450\" data-id=\"201d0450\" data-element_type=\"column\" data-e-type=\"column\">\n\t\t\t<div class=\"elementor-widget-wrap elementor-element-populated\">\n\t\t\t\t\t\t<div class=\"elementor-element elementor-element-57307ba1 elementor-invisible elementor-widget elementor-widget-counter\" data-id=\"57307ba1\" data-element_type=\"widget\" data-e-type=\"widget\" data-settings=\"{&quot;_animation&quot;:&quot;slideInUp&quot;}\" data-widget_type=\"counter.default\">\n\t\t\t\t<div class=\"elementor-widget-container\">\n\t\t\t\t\t\t\t<div class=\"elementor-counter\">\n\t\t\t<div class=\"elementor-counter-title\">Mutlu M\u00fc\u015fteriler<\/div>\t\t\t<div class=\"elementor-counter-number-wrapper\">\n\t\t\t\t<span class=\"elementor-counter-number-prefix\">+<\/span>\n\t\t\t\t<span class=\"elementor-counter-number\" data-duration=\"2000\" data-to-value=\"10\" data-from-value=\"1\" data-delimiter=\",\">1<\/span>\n\t\t\t\t<span class=\"elementor-counter-number-suffix\">k<\/span>\n\t\t\t<\/div>\n\t\t<\/div>\n\t\t\t\t\t\t<\/div>\n\t\t\t\t<\/div>\n\t\t\t\t\t<\/div>\n\t\t<\/div>\n\t\t\t\t<div class=\"elementor-column elementor-col-25 elementor-top-column elementor-element elementor-element-2d15e0c7\" data-id=\"2d15e0c7\" data-element_type=\"column\" data-e-type=\"column\">\n\t\t\t<div class=\"elementor-widget-wrap elementor-element-populated\">\n\t\t\t\t\t\t<div class=\"elementor-element elementor-element-32146bd7 elementor-invisible elementor-widget elementor-widget-counter\" data-id=\"32146bd7\" data-element_type=\"widget\" data-e-type=\"widget\" data-settings=\"{&quot;_animation&quot;:&quot;slideInUp&quot;}\" data-widget_type=\"counter.default\">\n\t\t\t\t<div class=\"elementor-widget-container\">\n\t\t\t\t\t\t\t<div class=\"elementor-counter\">\n\t\t\t<div class=\"elementor-counter-title\">Tedavi Tamamland\u0131<\/div>\t\t\t<div class=\"elementor-counter-number-wrapper\">\n\t\t\t\t<span class=\"elementor-counter-number-prefix\"><\/span>\n\t\t\t\t<span class=\"elementor-counter-number\" data-duration=\"2000\" data-to-value=\"30\" data-from-value=\"15\" data-delimiter=\",\">15<\/span>\n\t\t\t\t<span class=\"elementor-counter-number-suffix\">k<\/span>\n\t\t\t<\/div>\n\t\t<\/div>\n\t\t\t\t\t\t<\/div>\n\t\t\t\t<\/div>\n\t\t\t\t\t<\/div>\n\t\t<\/div>\n\t\t\t\t<div class=\"elementor-column elementor-col-25 elementor-top-column elementor-element elementor-element-4da91ae\" data-id=\"4da91ae\" data-element_type=\"column\" data-e-type=\"column\">\n\t\t\t<div class=\"elementor-widget-wrap elementor-element-populated\">\n\t\t\t\t\t\t<div class=\"elementor-element elementor-element-54e2ac6a elementor-invisible elementor-widget elementor-widget-counter\" data-id=\"54e2ac6a\" data-element_type=\"widget\" data-e-type=\"widget\" data-settings=\"{&quot;_animation&quot;:&quot;slideInUp&quot;}\" data-widget_type=\"counter.default\">\n\t\t\t\t<div class=\"elementor-widget-container\">\n\t\t\t\t\t\t\t<div class=\"elementor-counter\">\n\t\t\t<div class=\"elementor-counter-title\">Y\u0131llar\u0131n Deneyimi<\/div>\t\t\t<div class=\"elementor-counter-number-wrapper\">\n\t\t\t\t<span class=\"elementor-counter-number-prefix\"><\/span>\n\t\t\t\t<span class=\"elementor-counter-number\" data-duration=\"2000\" data-to-value=\"25\" data-from-value=\"8\" data-delimiter=\",\">8<\/span>\n\t\t\t\t<span class=\"elementor-counter-number-suffix\"><\/span>\n\t\t\t<\/div>\n\t\t<\/div>\n\t\t\t\t\t\t<\/div>\n\t\t\t\t<\/div>\n\t\t\t\t\t<\/div>\n\t\t<\/div>\n\t\t\t\t<div class=\"elementor-column elementor-col-25 elementor-top-column elementor-element elementor-element-210ab22c\" data-id=\"210ab22c\" data-element_type=\"column\" data-e-type=\"column\">\n\t\t\t<div class=\"elementor-widget-wrap elementor-element-populated\">\n\t\t\t\t\t\t<div class=\"elementor-element elementor-element-6c9325b3 elementor-invisible elementor-widget elementor-widget-counter\" data-id=\"6c9325b3\" data-element_type=\"widget\" data-e-type=\"widget\" data-settings=\"{&quot;_animation&quot;:&quot;slideInUp&quot;}\" data-widget_type=\"counter.default\">\n\t\t\t\t<div class=\"elementor-widget-container\">\n\t\t\t\t\t\t\t<div class=\"elementor-counter\">\n\t\t\t<div class=\"elementor-counter-title\">Pop\u00fcler Prosed\u00fcrler<\/div>\t\t\t<div class=\"elementor-counter-number-wrapper\">\n\t\t\t\t<span class=\"elementor-counter-number-prefix\"><\/span>\n\t\t\t\t<span class=\"elementor-counter-number\" data-duration=\"2000\" data-to-value=\"5\" data-from-value=\"0\" data-delimiter=\",\">0<\/span>\n\t\t\t\t<span class=\"elementor-counter-number-suffix\"><\/span>\n\t\t\t<\/div>\n\t\t<\/div>\n\t\t\t\t\t\t<\/div>\n\t\t\t\t<\/div>\n\t\t\t\t\t<\/div>\n\t\t<\/div>\n\t\t\t\t\t<\/div>\n\t\t<\/section>\n\t\t\t\t<\/div>","protected":false},"excerpt":{"rendered":"<p>Hakk\u0131m\u0131zda Hakk\u0131m\u0131zda Antalya&#039;daki G\u00fcvenilir Dermatolo\u011funuz Dr. Ebru Okyay ile Tan\u0131\u015f\u0131n Dr. Ebru Okyay, hem t\u0131bbi hem de kozmetik sorunlar i\u00e7in ola\u011fan\u00fcst\u00fc cilt bak\u0131m\u0131 sa\u011flamaya kendini adam\u0131\u015f, kurul onayl\u0131 bir dermatologdur. 2015 y\u0131l\u0131nda Cerrahpa\u015fa T\u0131p Fak\u00fcltesi&#039;nden mezun olan ve 2021 y\u0131l\u0131nda uzmanl\u0131\u011f\u0131n\u0131 tamamlayan Dr. Okyay, en yeni dermatolojik teknikler konusunda zengin bilgi ve deneyime sahiptir. Hastalar\u0131n\u0131n arzu ettikleri estetik hedeflere ula\u015fmalar\u0131na yard\u0131mc\u0131 olma konusunda tutkuludur ve ya\u015flanma kar\u015f\u0131t\u0131 tedaviler, enjeksiyonlar ve Dermapen ve Mezoterapi gibi ileri tedaviler de dahil olmak \u00fczere \u00e7e\u015fitli invaziv olmayan prosed\u00fcrlerde uzmanla\u015fm\u0131\u015ft\u0131r. Dr. Okyay, hasta konforunu ve memnuniyetini \u00f6n planda tutarak, bireysel ihtiya\u00e7lar\u0131 anlamak ve ki\u015fiselle\u015ftirilmi\u015f tedavi planlar\u0131 geli\u015ftirmek i\u00e7in zaman ay\u0131r\u0131r. Hemen \u0130leti\u015fime Ge\u00e7in Mutlu M\u00fc\u015fteriler + 1.000 Tamamlanm\u0131\u015f Tedavi 15.000 Y\u0131ll\u0131k Deneyim 8 Pop\u00fcler \u0130\u015flem 0<\/p>","protected":false},"author":1,"featured_media":0,"parent":0,"menu_order":0,"comment_status":"closed","ping_status":"closed","template":"elementor_header_footer","meta":{"_daextam_enable_autolinks":"","site-sidebar-layout":"no-sidebar","site-content-layout":"","ast-site-content-layout":"full-width-container","site-content-style":"default","site-sidebar-style":"default","ast-global-header-display":"","ast-banner-title-visibility":"","ast-main-header-display":"","ast-hfb-above-header-display":"","ast-hfb-below-header-display":"","ast-hfb-mobile-header-display":"","site-post-title":"disabled","ast-breadcrumbs-content":"","ast-featured-img":"disabled","footer-sml-layout":"","ast-disable-related-posts":"","theme-transparent-header-meta":"","adv-header-id-meta":"","stick-header-meta":"","header-above-stick-meta":"","header-main-stick-meta":"","header-below-stick-meta":"","astra-migrate-meta-layouts":"default","ast-page-background-enabled":"default","ast-page-background-meta":{"desktop":{"background-color":"var(--ast-global-color-4)","background-image":"","background-repeat":"repeat","background-position":"center center","background-size":"auto","background-attachment":"scroll","background-type":"","background-media":"","overlay-type":"","overlay-color":"","overlay-opacity":"","overlay-gradient":""},"tablet":{"background-color":"","background-image":"","background-repeat":"repeat","background-position":"center center","background-size":"auto","background-attachment":"scroll","background-type":"","background-media":"","overlay-type":"","overlay-color":"","overlay-opacity":"","overlay-gradient":""},"mobile":{"background-color":"","background-image":"","background-repeat":"repeat","background-position":"center center","background-size":"auto","background-attachment":"scroll","background-type":"","background-media":"","overlay-type":"","overlay-color":"","overlay-opacity":"","overlay-gradient":""}},"ast-content-background-meta":{"desktop":{"background-color":"var(--ast-global-color-5)","background-image":"","background-repeat":"repeat","background-position":"center center","background-size":"auto","background-attachment":"scroll","background-type":"","background-media":"","overlay-type":"","overlay-color":"","overlay-opacity":"","overlay-gradient":""},"tablet":{"background-color":"var(--ast-global-color-5)","background-image":"","background-repeat":"repeat","background-position":"center center","background-size":"auto","background-attachment":"scroll","background-type":"","background-media":"","overlay-type":"","overlay-color":"","overlay-opacity":"","overlay-gradient":""},"mobile":{"background-color":"var(--ast-global-color-5)","background-image":"","background-repeat":"repeat","background-position":"center center","background-size":"auto","background-attachment":"scroll","background-type":"","background-media":"","overlay-type":"","overlay-color":"","overlay-opacity":"","overlay-gradient":""}},"footnotes":""},"class_list":["post-38","page","type-page","status-publish","hentry"],"_links":{"self":[{"href":"https:\/\/drebruokyay.com\/tr\/wp-json\/wp\/v2\/pages\/38","targetHints":{"allow":["GET"]}}],"collection":[{"href":"https:\/\/drebruokyay.com\/tr\/wp-json\/wp\/v2\/pages"}],"about":[{"href":"https:\/\/drebruokyay.com\/tr\/wp-json\/wp\/v2\/types\/page"}],"author":[{"embeddable":true,"href":"https:\/\/drebruokyay.com\/tr\/wp-json\/wp\/v2\/users\/1"}],"replies":[{"embeddable":true,"href":"https:\/\/drebruokyay.com\/tr\/wp-json\/wp\/v2\/comments?post=38"}],"version-history":[{"count":41,"href":"https:\/\/drebruokyay.com\/tr\/wp-json\/wp\/v2\/pages\/38\/revisions"}],"predecessor-version":[{"id":1968,"href":"https:\/\/drebruokyay.com\/tr\/wp-json\/wp\/v2\/pages\/38\/revisions\/1968"}],"wp:attachment":[{"href":"https:\/\/drebruokyay.com\/tr\/wp-json\/wp\/v2\/media?parent=38"}],"curies":[{"name":"wp","href":"https:\/\/api.w.org\/{rel}","templated":true}]}}