{"id":68,"date":"2024-08-23T21:40:27","date_gmt":"2024-08-23T20:40:27","guid":{"rendered":"https:\/\/drebruokyay.com\/?page_id=68"},"modified":"2024-08-23T21:47:57","modified_gmt":"2024-08-23T20:47:57","slug":"bientot-disponible","status":"publish","type":"page","link":"https:\/\/drebruokyay.com\/fr\/coming-soon\/","title":{"rendered":"Bient\u00f4t disponible"},"content":{"rendered":"<div data-elementor-type=\"wp-page\" data-elementor-id=\"68\" class=\"elementor elementor-68\">\n\t\t\t\t<div class=\"elementor-element elementor-element-7dddbeb e-flex e-con-boxed wpr-particle-no wpr-jarallax-no wpr-parallax-no wpr-sticky-section-no e-con e-parent\" data-id=\"7dddbeb\" data-element_type=\"container\" data-e-type=\"container\">\n\t\t\t\t\t<div class=\"e-con-inner\">\n\t\t\t\t<div class=\"elementor-element elementor-element-5280c5f elementor-widget elementor-widget-heading\" data-id=\"5280c5f\" data-element_type=\"widget\" data-e-type=\"widget\" data-widget_type=\"heading.default\">\n\t\t\t\t<div class=\"elementor-widget-container\">\n\t\t\t\t\t<h1 class=\"elementor-heading-title elementor-size-default\">Bient\u00f4t disponible : Votre chemin vers une peau radieuse<\/h1>\t\t\t\t<\/div>\n\t\t\t\t<\/div>\n\t\t\t\t<div class=\"elementor-element elementor-element-f03d9cc elementor-widget elementor-widget-text-editor\" data-id=\"f03d9cc\" data-element_type=\"widget\" data-e-type=\"widget\" data-widget_type=\"text-editor.default\">\n\t\t\t\t<div class=\"elementor-widget-container\">\n\t\t\t\t\t\t\t\t\t<h3>Bienvenue \u00e0 la clinique du Dr. Ebru Okyay<\/h3><p>Dans notre clinique, nous pensons qu'une peau saine et \u00e9clatante est le fondement de la confiance en soi et du bien-\u00eatre. Notre \u00e9quipe de dermatologues experts se consacre \u00e0 fournir des soins personnalis\u00e9s et des traitements avanc\u00e9s pour vous aider \u00e0 atteindre vos objectifs en mati\u00e8re de peau.<\/p><h3>\u00c0 quoi s'attendre<\/h3><p><strong>Soins complets de la peau<\/strong>: De l'acn\u00e9 \u00e0 l'ecz\u00e9ma en passant par les traitements anti-\u00e2ge, nous offrons une large gamme de services adapt\u00e9s \u00e0 vos besoins uniques.<\/p><p><strong>Une technologie de pointe<\/strong>: Notre clinique est \u00e9quip\u00e9e des derni\u00e8res technologies pour vous garantir les meilleurs soins possibles.<\/p><p><strong>\u00c9quipe d'experts<\/strong>: Nos dermatologues certifi\u00e9s et notre personnel exp\u00e9riment\u00e9 sont l\u00e0 pour vous guider \u00e0 chaque \u00e9tape.<\/p>\t\t\t\t\t\t\t\t<\/div>\n\t\t\t\t<\/div>\n\t\t\t\t\t<\/div>\n\t\t\t\t<\/div>\n\t\t\t\t<\/div>","protected":false},"excerpt":{"rendered":"<p>Bient\u00f4t disponible : Votre chemin vers une peau radieuse Bienvenue \u00e0 la clinique du Dr Ebru Okyay Dans notre clinique, nous croyons qu&#039;une peau saine et \u00e9clatante est la base de la confiance et du bien-\u00eatre. Notre \u00e9quipe de dermatologues experts se consacre \u00e0 fournir des soins personnalis\u00e9s et des traitements avanc\u00e9s pour vous aider \u00e0 atteindre vos objectifs de peau. \u00c0 quoi s&#039;attendre Soins de la peau complets : De l&#039;acn\u00e9 et de l&#039;ecz\u00e9ma aux traitements anti-\u00e2ge, nous offrons une large gamme de services adapt\u00e9s \u00e0 vos besoins uniques. Technologie de pointe : Notre clinique est \u00e9quip\u00e9e de la derni\u00e8re technologie pour vous assurer de recevoir les meilleurs soins possibles. \u00c9quipe d&#039;experts : Nos dermatologues certifi\u00e9s et notre personnel exp\u00e9riment\u00e9 sont l\u00e0 pour vous guider \u00e0 chaque \u00e9tape du processus.<\/p>","protected":false},"author":1,"featured_media":0,"parent":0,"menu_order":0,"comment_status":"closed","ping_status":"closed","template":"elementor_canvas","meta":{"_daextam_enable_autolinks":"","site-sidebar-layout":"no-sidebar","site-content-layout":"","ast-site-content-layout":"full-width-container","site-content-style":"default","site-sidebar-style":"default","ast-global-header-display":"","ast-banner-title-visibility":"","ast-main-header-display":"","ast-hfb-above-header-display":"","ast-hfb-below-header-display":"","ast-hfb-mobile-header-display":"","site-post-title":"disabled","ast-breadcrumbs-content":"","ast-featured-img":"disabled","footer-sml-layout":"","ast-disable-related-posts":"","theme-transparent-header-meta":"","adv-header-id-meta":"","stick-header-meta":"","header-above-stick-meta":"","header-main-stick-meta":"","header-below-stick-meta":"","astra-migrate-meta-layouts":"default","ast-page-background-enabled":"default","ast-page-background-meta":{"desktop":{"background-color":"var(--ast-global-color-4)","background-image":"","background-repeat":"repeat","background-position":"center center","background-size":"auto","background-attachment":"scroll","background-type":"","background-media":"","overlay-type":"","overlay-color":"","overlay-opacity":"","overlay-gradient":""},"tablet":{"background-color":"","background-image":"","background-repeat":"repeat","background-position":"center center","background-size":"auto","background-attachment":"scroll","background-type":"","background-media":"","overlay-type":"","overlay-color":"","overlay-opacity":"","overlay-gradient":""},"mobile":{"background-color":"","background-image":"","background-repeat":"repeat","background-position":"center center","background-size":"auto","background-attachment":"scroll","background-type":"","background-media":"","overlay-type":"","overlay-color":"","overlay-opacity":"","overlay-gradient":""}},"ast-content-background-meta":{"desktop":{"background-color":"var(--ast-global-color-5)","background-image":"","background-repeat":"repeat","background-position":"center center","background-size":"auto","background-attachment":"scroll","background-type":"","background-media":"","overlay-type":"","overlay-color":"","overlay-opacity":"","overlay-gradient":""},"tablet":{"background-color":"var(--ast-global-color-5)","background-image":"","background-repeat":"repeat","background-position":"center center","background-size":"auto","background-attachment":"scroll","background-type":"","background-media":"","overlay-type":"","overlay-color":"","overlay-opacity":"","overlay-gradient":""},"mobile":{"background-color":"var(--ast-global-color-5)","background-image":"","background-repeat":"repeat","background-position":"center center","background-size":"auto","background-attachment":"scroll","background-type":"","background-media":"","overlay-type":"","overlay-color":"","overlay-opacity":"","overlay-gradient":""}},"footnotes":""},"class_list":["post-68","page","type-page","status-publish","hentry"],"_links":{"self":[{"href":"https:\/\/drebruokyay.com\/fr\/wp-json\/wp\/v2\/pages\/68","targetHints":{"allow":["GET"]}}],"collection":[{"href":"https:\/\/drebruokyay.com\/fr\/wp-json\/wp\/v2\/pages"}],"about":[{"href":"https:\/\/drebruokyay.com\/fr\/wp-json\/wp\/v2\/types\/page"}],"author":[{"embeddable":true,"href":"https:\/\/drebruokyay.com\/fr\/wp-json\/wp\/v2\/users\/1"}],"replies":[{"embeddable":true,"href":"https:\/\/drebruokyay.com\/fr\/wp-json\/wp\/v2\/comments?post=68"}],"version-history":[{"count":19,"href":"https:\/\/drebruokyay.com\/fr\/wp-json\/wp\/v2\/pages\/68\/revisions"}],"predecessor-version":[{"id":88,"href":"https:\/\/drebruokyay.com\/fr\/wp-json\/wp\/v2\/pages\/68\/revisions\/88"}],"wp:attachment":[{"href":"https:\/\/drebruokyay.com\/fr\/wp-json\/wp\/v2\/media?parent=68"}],"curies":[{"name":"wp","href":"https:\/\/api.w.org\/{rel}","templated":true}]}}