{"id":68,"date":"2024-08-23T21:40:27","date_gmt":"2024-08-23T20:40:27","guid":{"rendered":"https:\/\/drebruokyay.com\/?page_id=68"},"modified":"2024-08-23T21:47:57","modified_gmt":"2024-08-23T20:47:57","slug":"proximamente","status":"publish","type":"page","link":"https:\/\/drebruokyay.com\/es\/coming-soon\/","title":{"rendered":"Pr\u00f3ximamente"},"content":{"rendered":"<div data-elementor-type=\"wp-page\" data-elementor-id=\"68\" class=\"elementor elementor-68\">\n\t\t\t\t<div class=\"elementor-element elementor-element-7dddbeb e-flex e-con-boxed wpr-particle-no wpr-jarallax-no wpr-parallax-no wpr-sticky-section-no e-con e-parent\" data-id=\"7dddbeb\" data-element_type=\"container\" data-e-type=\"container\">\n\t\t\t\t\t<div class=\"e-con-inner\">\n\t\t\t\t<div class=\"elementor-element elementor-element-5280c5f elementor-widget elementor-widget-heading\" data-id=\"5280c5f\" data-element_type=\"widget\" data-e-type=\"widget\" data-widget_type=\"heading.default\">\n\t\t\t\t<div class=\"elementor-widget-container\">\n\t\t\t\t\t<h1 class=\"elementor-heading-title elementor-size-default\">Pr\u00f3ximamente: El camino hacia una piel radiante<\/h1>\t\t\t\t<\/div>\n\t\t\t\t<\/div>\n\t\t\t\t<div class=\"elementor-element elementor-element-f03d9cc elementor-widget elementor-widget-text-editor\" data-id=\"f03d9cc\" data-element_type=\"widget\" data-e-type=\"widget\" data-widget_type=\"text-editor.default\">\n\t\t\t\t<div class=\"elementor-widget-container\">\n\t\t\t\t\t\t\t\t\t<h3>Bienvenido a la cl\u00ednica del Dr. Ebru Okyay<\/h3><p>En nuestra cl\u00ednica, creemos que una piel sana y radiante es la base de la confianza y el bienestar. Nuestro equipo de dermat\u00f3logos expertos se dedica a proporcionar atenci\u00f3n personalizada y tratamientos avanzados para ayudarle a alcanzar sus objetivos de la piel.<\/p><h3>Qu\u00e9 esperar<\/h3><p><strong>Cuidado integral de la piel<\/strong>: Desde acn\u00e9 y eczema hasta tratamientos antienvejecimiento, ofrecemos una amplia gama de servicios adaptados a sus necesidades \u00fanicas.<\/p><p><strong>Tecnolog\u00eda punta<\/strong>: Nuestra cl\u00ednica est\u00e1 equipada con la \u00faltima tecnolog\u00eda para garantizar que reciba la mejor atenci\u00f3n posible.<\/p><p><strong>Equipo de expertos<\/strong>: Nuestros dermat\u00f3logos colegiados y nuestro experimentado personal est\u00e1n aqu\u00ed para guiarle en cada paso del camino.<\/p>\t\t\t\t\t\t\t\t<\/div>\n\t\t\t\t<\/div>\n\t\t\t\t\t<\/div>\n\t\t\t\t<\/div>\n\t\t\t\t<\/div>","protected":false},"excerpt":{"rendered":"<p>Pr\u00f3ximamente: Tu camino hacia una piel radiante. Bienvenido a la Cl\u00ednica de la Dra. Ebru Okyay. En nuestra cl\u00ednica, creemos que una piel sana y radiante es la base de la confianza y el bienestar. Nuestro equipo de dermat\u00f3logos expertos se dedica a brindar atenci\u00f3n personalizada y tratamientos avanzados para ayudarte a lograr tus objetivos para la piel. Qu\u00e9 esperar: Cuidado integral de la piel: Desde el acn\u00e9 y el eczema hasta tratamientos antienvejecimiento, ofrecemos una amplia gama de servicios adaptados a tus necesidades \u00fanicas. Tecnolog\u00eda de vanguardia: Nuestra cl\u00ednica est\u00e1 equipada con la \u00faltima tecnolog\u00eda para garantizar que recibas la mejor atenci\u00f3n posible. Equipo de expertos: Nuestros dermat\u00f3logos certificados y personal experimentado est\u00e1n aqu\u00ed para guiarte en cada paso del camino.<\/p>","protected":false},"author":1,"featured_media":0,"parent":0,"menu_order":0,"comment_status":"closed","ping_status":"closed","template":"elementor_canvas","meta":{"_daextam_enable_autolinks":"","site-sidebar-layout":"no-sidebar","site-content-layout":"","ast-site-content-layout":"full-width-container","site-content-style":"default","site-sidebar-style":"default","ast-global-header-display":"","ast-banner-title-visibility":"","ast-main-header-display":"","ast-hfb-above-header-display":"","ast-hfb-below-header-display":"","ast-hfb-mobile-header-display":"","site-post-title":"disabled","ast-breadcrumbs-content":"","ast-featured-img":"disabled","footer-sml-layout":"","ast-disable-related-posts":"","theme-transparent-header-meta":"","adv-header-id-meta":"","stick-header-meta":"","header-above-stick-meta":"","header-main-stick-meta":"","header-below-stick-meta":"","astra-migrate-meta-layouts":"default","ast-page-background-enabled":"default","ast-page-background-meta":{"desktop":{"background-color":"var(--ast-global-color-4)","background-image":"","background-repeat":"repeat","background-position":"center center","background-size":"auto","background-attachment":"scroll","background-type":"","background-media":"","overlay-type":"","overlay-color":"","overlay-opacity":"","overlay-gradient":""},"tablet":{"background-color":"","background-image":"","background-repeat":"repeat","background-position":"center center","background-size":"auto","background-attachment":"scroll","background-type":"","background-media":"","overlay-type":"","overlay-color":"","overlay-opacity":"","overlay-gradient":""},"mobile":{"background-color":"","background-image":"","background-repeat":"repeat","background-position":"center center","background-size":"auto","background-attachment":"scroll","background-type":"","background-media":"","overlay-type":"","overlay-color":"","overlay-opacity":"","overlay-gradient":""}},"ast-content-background-meta":{"desktop":{"background-color":"var(--ast-global-color-5)","background-image":"","background-repeat":"repeat","background-position":"center center","background-size":"auto","background-attachment":"scroll","background-type":"","background-media":"","overlay-type":"","overlay-color":"","overlay-opacity":"","overlay-gradient":""},"tablet":{"background-color":"var(--ast-global-color-5)","background-image":"","background-repeat":"repeat","background-position":"center center","background-size":"auto","background-attachment":"scroll","background-type":"","background-media":"","overlay-type":"","overlay-color":"","overlay-opacity":"","overlay-gradient":""},"mobile":{"background-color":"var(--ast-global-color-5)","background-image":"","background-repeat":"repeat","background-position":"center center","background-size":"auto","background-attachment":"scroll","background-type":"","background-media":"","overlay-type":"","overlay-color":"","overlay-opacity":"","overlay-gradient":""}},"footnotes":""},"class_list":["post-68","page","type-page","status-publish","hentry"],"_links":{"self":[{"href":"https:\/\/drebruokyay.com\/es\/wp-json\/wp\/v2\/pages\/68","targetHints":{"allow":["GET"]}}],"collection":[{"href":"https:\/\/drebruokyay.com\/es\/wp-json\/wp\/v2\/pages"}],"about":[{"href":"https:\/\/drebruokyay.com\/es\/wp-json\/wp\/v2\/types\/page"}],"author":[{"embeddable":true,"href":"https:\/\/drebruokyay.com\/es\/wp-json\/wp\/v2\/users\/1"}],"replies":[{"embeddable":true,"href":"https:\/\/drebruokyay.com\/es\/wp-json\/wp\/v2\/comments?post=68"}],"version-history":[{"count":19,"href":"https:\/\/drebruokyay.com\/es\/wp-json\/wp\/v2\/pages\/68\/revisions"}],"predecessor-version":[{"id":88,"href":"https:\/\/drebruokyay.com\/es\/wp-json\/wp\/v2\/pages\/68\/revisions\/88"}],"wp:attachment":[{"href":"https:\/\/drebruokyay.com\/es\/wp-json\/wp\/v2\/media?parent=68"}],"curies":[{"name":"gracias","href":"https:\/\/api.w.org\/{rel}","templated":true}]}}